{"id":302,"date":"2023-08-22T11:36:20","date_gmt":"2023-08-22T09:36:20","guid":{"rendered":"https:\/\/www.melleseraphine.net\/?page_id=302"},"modified":"2025-05-04T08:32:52","modified_gmt":"2025-05-04T06:32:52","slug":"agenda-des-rencontres-2025","status":"publish","type":"page","link":"https:\/\/www.melleseraphine.net\/index.php\/agenda-des-rencontres-2025\/","title":{"rendered":"AGENDA DES RENCONTRES 2025"},"content":{"rendered":"\n<p>Hello hello<\/p>\n\n\n\n<p>Voici les \u00e9v\u00e9nements auxquels je participe entre septembre et d\u00e9cembre 2023<\/p>\n\n\n\n<p><strong>    <\/strong><\/p>\n\n\n\n<hr class=\"wp-block-separator\"\/>\n\n\n\n<hr class=\"wp-block-separator\"\/>\n\n\n\n<hr class=\"wp-block-separator\"\/>\n\n\n\n<p>OCTOBRE<\/p>\n\n\n\n<p>@LIEGE &#8211; PALAIS DES CONGRES -10H -19H<\/p>\n\n\n\n<figure class=\"wp-block-image size-large is-resized\"><img loading=\"lazy\" decoding=\"async\" src=\"https:\/\/www.melleseraphine.net\/wp-content\/uploads\/2023\/10\/tu-viens-6-1024x577.png\" alt=\"\" class=\"wp-image-365\" width=\"1035\" height=\"583\" srcset=\"https:\/\/www.melleseraphine.net\/wp-content\/uploads\/2023\/10\/tu-viens-6-1024x577.png 1024w, https:\/\/www.melleseraphine.net\/wp-content\/uploads\/2023\/10\/tu-viens-6-300x169.png 300w, https:\/\/www.melleseraphine.net\/wp-content\/uploads\/2023\/10\/tu-viens-6-768x433.png 768w, https:\/\/www.melleseraphine.net\/wp-content\/uploads\/2023\/10\/tu-viens-6-1536x865.png 1536w, https:\/\/www.melleseraphine.net\/wp-content\/uploads\/2023\/10\/tu-viens-6-350x197.png 350w, https:\/\/www.melleseraphine.net\/wp-content\/uploads\/2023\/10\/tu-viens-6.png 1640w\" sizes=\"auto, (max-width: 767px) 89vw, (max-width: 1000px) 54vw, (max-width: 1071px) 543px, 580px\" \/><\/figure>\n\n\n\n<p><\/p>\n\n\n\n<p>NOVEMBRE<\/p>\n\n\n\n<p>DECEMBRE<\/p>\n","protected":false},"excerpt":{"rendered":"<p>Hello hello Voici les \u00e9v\u00e9nements auxquels je participe entre septembre et d\u00e9cembre 2023 OCTOBRE @LIEGE &#8211; PALAIS DES CONGRES -10H -19H NOVEMBRE DECEMBRE<\/p>\n","protected":false},"author":1,"featured_media":0,"parent":0,"menu_order":0,"comment_status":"closed","ping_status":"closed","template":"","meta":{"footnotes":""},"class_list":["post-302","page","type-page","status-publish","hentry"],"_links":{"self":[{"href":"https:\/\/www.melleseraphine.net\/index.php\/wp-json\/wp\/v2\/pages\/302","targetHints":{"allow":["GET"]}}],"collection":[{"href":"https:\/\/www.melleseraphine.net\/index.php\/wp-json\/wp\/v2\/pages"}],"about":[{"href":"https:\/\/www.melleseraphine.net\/index.php\/wp-json\/wp\/v2\/types\/page"}],"author":[{"embeddable":true,"href":"https:\/\/www.melleseraphine.net\/index.php\/wp-json\/wp\/v2\/users\/1"}],"replies":[{"embeddable":true,"href":"https:\/\/www.melleseraphine.net\/index.php\/wp-json\/wp\/v2\/comments?post=302"}],"version-history":[{"count":4,"href":"https:\/\/www.melleseraphine.net\/index.php\/wp-json\/wp\/v2\/pages\/302\/revisions"}],"predecessor-version":[{"id":431,"href":"https:\/\/www.melleseraphine.net\/index.php\/wp-json\/wp\/v2\/pages\/302\/revisions\/431"}],"wp:attachment":[{"href":"https:\/\/www.melleseraphine.net\/index.php\/wp-json\/wp\/v2\/media?parent=302"}],"curies":[{"name":"wp","href":"https:\/\/api.w.org\/{rel}","templated":true}]}}