{"id":37,"date":"2021-07-05T21:19:13","date_gmt":"2021-07-05T19:19:13","guid":{"rendered":"https:\/\/www.melleseraphine.net\/?page_id=37"},"modified":"2025-05-04T08:49:11","modified_gmt":"2025-05-04T06:49:11","slug":"les-livres","status":"publish","type":"page","link":"https:\/\/www.melleseraphine.net\/index.php\/les-livres\/","title":{"rendered":"LES LIVRES"},"content":{"rendered":"\n<p>Bonjour bonjour,<\/p>\n\n\n\n<p>Si tu cherches les sophro-contes, ils ont \u00e9t\u00e9 d\u00e9localis\u00e9 sur <a rel=\"noreferrer noopener\" href=\"http:\/\/www.gnomedesmots.com\" target=\"_blank\">http:\/\/www.gnomedesmots.com<\/a><\/p>\n\n\n\n<p>Les sophro-contes ont \u00e9t\u00e9 distribu\u00e9 dans 169 villes, 11 pays diff\u00e9rents sur 5 continents (chiffres de 2014 \u00e0 2018). Afin de donner l&rsquo;espace n\u00e9cessaire aux exp\u00e9riences, aux \u00e9changes et aux articles, j&rsquo;ai fini par cr\u00e9er un site internet sp\u00e9cifique pour cet outil pr\u00e9cieux.<\/p>\n\n\n\n<p>Le podcast de Sylvie Honor\u00e9 &#8211;  VIVACITE la vie du bon c\u00f4t\u00e9 est disponible gratuitement sur ce site.<\/p>\n\n\n\n<figure class=\"wp-block-image size-large\"><img loading=\"lazy\" decoding=\"async\" width=\"1024\" height=\"1024\" src=\"https:\/\/www.melleseraphine.net\/wp-content\/uploads\/2022\/01\/247565233_403506117892104_4345061797519402260_n-1024x1024.jpg\" alt=\"\" class=\"wp-image-158\" srcset=\"https:\/\/www.melleseraphine.net\/wp-content\/uploads\/2022\/01\/247565233_403506117892104_4345061797519402260_n-1024x1024.jpg 1024w, https:\/\/www.melleseraphine.net\/wp-content\/uploads\/2022\/01\/247565233_403506117892104_4345061797519402260_n-300x300.jpg 300w, https:\/\/www.melleseraphine.net\/wp-content\/uploads\/2022\/01\/247565233_403506117892104_4345061797519402260_n-150x150.jpg 150w, https:\/\/www.melleseraphine.net\/wp-content\/uploads\/2022\/01\/247565233_403506117892104_4345061797519402260_n-768x768.jpg 768w, https:\/\/www.melleseraphine.net\/wp-content\/uploads\/2022\/01\/247565233_403506117892104_4345061797519402260_n-100x100.jpg 100w, https:\/\/www.melleseraphine.net\/wp-content\/uploads\/2022\/01\/247565233_403506117892104_4345061797519402260_n-250x250.jpg 250w, https:\/\/www.melleseraphine.net\/wp-content\/uploads\/2022\/01\/247565233_403506117892104_4345061797519402260_n-350x350.jpg 350w, https:\/\/www.melleseraphine.net\/wp-content\/uploads\/2022\/01\/247565233_403506117892104_4345061797519402260_n.jpg 1080w\" sizes=\"auto, (max-width: 767px) 89vw, (max-width: 1000px) 54vw, (max-width: 1071px) 543px, 580px\" \/><\/figure>\n\n\n\n<p> <\/p>\n\n\n\n<p>Si tu cherches les livres de d\u00e9veloppement personnel, les agendas etc , ils sont toujours sur Melle S\u00e9raphine E-shop via ce lien <a rel=\"noreferrer noopener\" href=\"https:\/\/www.etsy.com\/fr\/shop\/MelleSeraphineEShop\" target=\"_blank\">https:\/\/www.etsy.com\/fr\/shop\/MelleSeraphineEShop<\/a><\/p>\n\n\n\n<figure class=\"wp-block-image size-large\"><img loading=\"lazy\" decoding=\"async\" width=\"1024\" height=\"819\" src=\"https:\/\/www.melleseraphine.net\/wp-content\/uploads\/2022\/01\/e-SHOP-1024x819.png\" alt=\"\" class=\"wp-image-161\" srcset=\"https:\/\/www.melleseraphine.net\/wp-content\/uploads\/2022\/01\/e-SHOP-1024x819.png 1024w, https:\/\/www.melleseraphine.net\/wp-content\/uploads\/2022\/01\/e-SHOP-300x240.png 300w, https:\/\/www.melleseraphine.net\/wp-content\/uploads\/2022\/01\/e-SHOP-768x614.png 768w, https:\/\/www.melleseraphine.net\/wp-content\/uploads\/2022\/01\/e-SHOP-1536x1229.png 1536w, https:\/\/www.melleseraphine.net\/wp-content\/uploads\/2022\/01\/e-SHOP-350x280.png 350w, https:\/\/www.melleseraphine.net\/wp-content\/uploads\/2022\/01\/e-SHOP.png 2000w\" sizes=\"auto, (max-width: 767px) 89vw, (max-width: 1000px) 54vw, (max-width: 1071px) 543px, 580px\" \/><\/figure>\n\n\n\n<p>Si tu cherches les autres livres (RECREATURE), les challenges d&rsquo;\u00e9criture, les pots \u00e0 jouer p\u00e9dagogiques : <a rel=\"noreferrer noopener\" href=\"http:\/\/www.eveiletvouseditions.com\" target=\"_blank\">http:\/\/www.evartcademie.com <\/a><\/p>\n\n\n\n<figure class=\"wp-block-image size-large\"><img loading=\"lazy\" decoding=\"async\" width=\"1024\" height=\"768\" src=\"https:\/\/www.melleseraphine.net\/wp-content\/uploads\/2022\/01\/presentoir-2021-1024x768.jpg\" alt=\"\" class=\"wp-image-160\" srcset=\"https:\/\/www.melleseraphine.net\/wp-content\/uploads\/2022\/01\/presentoir-2021-1024x768.jpg 1024w, https:\/\/www.melleseraphine.net\/wp-content\/uploads\/2022\/01\/presentoir-2021-300x225.jpg 300w, https:\/\/www.melleseraphine.net\/wp-content\/uploads\/2022\/01\/presentoir-2021-768x576.jpg 768w, https:\/\/www.melleseraphine.net\/wp-content\/uploads\/2022\/01\/presentoir-2021-350x263.jpg 350w, https:\/\/www.melleseraphine.net\/wp-content\/uploads\/2022\/01\/presentoir-2021.jpg 1080w\" sizes=\"auto, (max-width: 767px) 89vw, (max-width: 1000px) 54vw, (max-width: 1071px) 543px, 580px\" \/><\/figure>\n\n\n\n<p>Sur ce site, tu vas principalement trouver tout ce qui est en lien avec mon m\u00e9tier de th\u00e9rapeute : les initiations \u00e9nerg\u00e9tiques, les soins \u00e0 distance, les s\u00e9ances de coaching positif etc  Pour prendre rendez-vous, direction la boutique!<\/p>\n\n\n\n<figure class=\"wp-block-image size-large\"><img loading=\"lazy\" decoding=\"async\" width=\"500\" height=\"500\" src=\"https:\/\/www.melleseraphine.net\/wp-content\/uploads\/2021\/07\/Copie-de-Melle-Seraphine\u00ae.png\" alt=\"\" class=\"wp-image-38\" srcset=\"https:\/\/www.melleseraphine.net\/wp-content\/uploads\/2021\/07\/Copie-de-Melle-Seraphine\u00ae.png 500w, https:\/\/www.melleseraphine.net\/wp-content\/uploads\/2021\/07\/Copie-de-Melle-Seraphine\u00ae-300x300.png 300w, https:\/\/www.melleseraphine.net\/wp-content\/uploads\/2021\/07\/Copie-de-Melle-Seraphine\u00ae-150x150.png 150w, https:\/\/www.melleseraphine.net\/wp-content\/uploads\/2021\/07\/Copie-de-Melle-Seraphine\u00ae-100x100.png 100w, https:\/\/www.melleseraphine.net\/wp-content\/uploads\/2021\/07\/Copie-de-Melle-Seraphine\u00ae-250x250.png 250w, https:\/\/www.melleseraphine.net\/wp-content\/uploads\/2021\/07\/Copie-de-Melle-Seraphine\u00ae-350x350.png 350w\" sizes=\"auto, (max-width: 500px) 100vw, 500px\" \/><\/figure>\n","protected":false},"excerpt":{"rendered":"<p>Bonjour bonjour, Si tu cherches les sophro-contes, ils ont \u00e9t\u00e9 d\u00e9localis\u00e9 sur http:\/\/www.gnomedesmots.com Les sophro-contes ont \u00e9t\u00e9 distribu\u00e9 dans 169 villes, 11 pays diff\u00e9rents sur 5 continents (chiffres de 2014 \u00e0 2018). Afin de donner l&rsquo;espace n\u00e9cessaire aux exp\u00e9riences, aux \u00e9changes et aux articles, j&rsquo;ai fini par cr\u00e9er un site internet sp\u00e9cifique pour cet outil &hellip; <\/p>\n<p class=\"link-more\"><a href=\"https:\/\/www.melleseraphine.net\/index.php\/les-livres\/\" class=\"more-link\">Continuer la lecture<span class=\"screen-reader-text\"> de &laquo;&nbsp;LES LIVRES&nbsp;&raquo;<\/span><\/a><\/p>\n","protected":false},"author":1,"featured_media":0,"parent":0,"menu_order":0,"comment_status":"closed","ping_status":"closed","template":"","meta":{"footnotes":""},"class_list":["post-37","page","type-page","status-publish","hentry"],"_links":{"self":[{"href":"https:\/\/www.melleseraphine.net\/index.php\/wp-json\/wp\/v2\/pages\/37","targetHints":{"allow":["GET"]}}],"collection":[{"href":"https:\/\/www.melleseraphine.net\/index.php\/wp-json\/wp\/v2\/pages"}],"about":[{"href":"https:\/\/www.melleseraphine.net\/index.php\/wp-json\/wp\/v2\/types\/page"}],"author":[{"embeddable":true,"href":"https:\/\/www.melleseraphine.net\/index.php\/wp-json\/wp\/v2\/users\/1"}],"replies":[{"embeddable":true,"href":"https:\/\/www.melleseraphine.net\/index.php\/wp-json\/wp\/v2\/comments?post=37"}],"version-history":[{"count":4,"href":"https:\/\/www.melleseraphine.net\/index.php\/wp-json\/wp\/v2\/pages\/37\/revisions"}],"predecessor-version":[{"id":447,"href":"https:\/\/www.melleseraphine.net\/index.php\/wp-json\/wp\/v2\/pages\/37\/revisions\/447"}],"wp:attachment":[{"href":"https:\/\/www.melleseraphine.net\/index.php\/wp-json\/wp\/v2\/media?parent=37"}],"curies":[{"name":"wp","href":"https:\/\/api.w.org\/{rel}","templated":true}]}}