{"id":455,"date":"2025-05-04T09:04:04","date_gmt":"2025-05-04T07:04:04","guid":{"rendered":"https:\/\/www.melleseraphine.net\/?page_id=455"},"modified":"2025-05-04T10:17:29","modified_gmt":"2025-05-04T08:17:29","slug":"maitre-reiki-gardienne-de-la-lumiere-interieure","status":"publish","type":"page","link":"https:\/\/www.melleseraphine.net\/index.php\/lunivers-de-mademoiselle-seraphine-services\/maitre-reiki-gardienne-de-la-lumiere-interieure\/","title":{"rendered":"Ma\u00eetre Reiki \u2013 Gardienne de la lumi\u00e8re int\u00e9rieure"},"content":{"rendered":"\n<h2 class=\"wp-block-heading\"><\/h2>\n\n\n\n<p>\u00catre <strong>Ma\u00eetre Reiki<\/strong>, ce n\u2019est pas seulement enseigner une m\u00e9thode \u00e9nerg\u00e9tique.<br>C\u2019est incarner une voie, <strong>transmettre un art de vivre<\/strong>, et <strong>accompagner les \u00eatres vers leur propre lumi\u00e8re<\/strong>.<\/p>\n\n\n\n<p>Form\u00e9\u00b7e \u00e0 la pratique du Reiki Usui, j\u2019ai re\u00e7u les initiations qui me permettent aujourd\u2019hui de :<br>\ud83d\udd39 Guider les personnes dans leur <strong>propre processus de gu\u00e9rison<\/strong><br>\ud83d\udd39 Transmettre les <strong>enseignements sacr\u00e9s<\/strong> de Mikao Usui<br>\ud83d\udd39 Ouvrir les canaux d\u2019\u00e9nergie de nouveaux praticien\u00b7nes<br>\ud83d\udd39 Cr\u00e9er un espace <strong>s\u00fbr, bienveillant et sacr\u00e9<\/strong> pour l\u2019\u00e9veil de chacun\u00b7e<\/p>\n\n\n\n<blockquote class=\"wp-block-quote is-layout-flow wp-block-quote-is-layout-flow\"><p class=\"\"><em>Un Ma\u00eetre Reiki n\u2019est pas au sommet d\u2019un chemin. Il est simplement <strong>au service de l\u2019\u00e9nergie<\/strong>, et marche aux c\u00f4t\u00e9s de celles et ceux qui s\u2019\u00e9veillent.<\/em><\/p><\/blockquote>\n\n\n\n<p>Mon r\u00f4le est de :<br>\ud83c\udf1f <strong>Honorer la tradition<\/strong> tout en l\u2019ancrant dans notre monde actuel<br>\ud83c\udf1f <strong>Soutenir les \u00e9l\u00e8ves<\/strong> dans leur \u00e9volution, avec humilit\u00e9 et compassion<br>\ud83c\udf1f <strong>Porter la flamme du Reiki<\/strong>, non comme un pouvoir, mais comme une pr\u00e9sence<\/p>\n\n\n\n<hr class=\"wp-block-separator\"\/>\n\n\n\n<p><strong>Le Reiki est une voie d\u2019amour, de responsabilit\u00e9 et de transformation.<\/strong><br>Et le Ma\u00eetre Reiki en est le <strong>gardien<\/strong>, le <strong>passeur<\/strong>, l\u2019<strong>\u00e9claireur<\/strong>.<\/p>\n\n\n\n<p><\/p>\n\n\n\n<figure class=\"wp-block-image size-large\"><img loading=\"lazy\" decoding=\"async\" width=\"724\" height=\"1024\" src=\"https:\/\/www.melleseraphine.net\/wp-content\/uploads\/2025\/05\/la-verite-724x1024.jpg\" alt=\"\" class=\"wp-image-456\" srcset=\"https:\/\/www.melleseraphine.net\/wp-content\/uploads\/2025\/05\/la-verite-724x1024.jpg 724w, https:\/\/www.melleseraphine.net\/wp-content\/uploads\/2025\/05\/la-verite-212x300.jpg 212w, https:\/\/www.melleseraphine.net\/wp-content\/uploads\/2025\/05\/la-verite-768x1086.jpg 768w, https:\/\/www.melleseraphine.net\/wp-content\/uploads\/2025\/05\/la-verite-1086x1536.jpg 1086w, https:\/\/www.melleseraphine.net\/wp-content\/uploads\/2025\/05\/la-verite-350x495.jpg 350w, https:\/\/www.melleseraphine.net\/wp-content\/uploads\/2025\/05\/la-verite.jpg 1414w\" sizes=\"auto, (max-width: 724px) 100vw, 724px\" \/><\/figure>\n","protected":false},"excerpt":{"rendered":"<p>\u00catre Ma\u00eetre Reiki, ce n\u2019est pas seulement enseigner une m\u00e9thode \u00e9nerg\u00e9tique.C\u2019est incarner une voie, transmettre un art de vivre, et accompagner les \u00eatres vers leur propre lumi\u00e8re. Form\u00e9\u00b7e \u00e0 la pratique du Reiki Usui, j\u2019ai re\u00e7u les initiations qui me permettent aujourd\u2019hui de :\ud83d\udd39 Guider les personnes dans leur propre processus de gu\u00e9rison\ud83d\udd39 Transmettre les &hellip; <\/p>\n<p class=\"link-more\"><a href=\"https:\/\/www.melleseraphine.net\/index.php\/lunivers-de-mademoiselle-seraphine-services\/maitre-reiki-gardienne-de-la-lumiere-interieure\/\" class=\"more-link\">Continuer la lecture<span class=\"screen-reader-text\"> de &laquo;&nbsp;Ma\u00eetre Reiki \u2013 Gardienne de la lumi\u00e8re int\u00e9rieure&nbsp;&raquo;<\/span><\/a><\/p>\n","protected":false},"author":1,"featured_media":456,"parent":465,"menu_order":-1,"comment_status":"closed","ping_status":"closed","template":"","meta":{"footnotes":""},"class_list":["post-455","page","type-page","status-publish","has-post-thumbnail","hentry"],"_links":{"self":[{"href":"https:\/\/www.melleseraphine.net\/index.php\/wp-json\/wp\/v2\/pages\/455","targetHints":{"allow":["GET"]}}],"collection":[{"href":"https:\/\/www.melleseraphine.net\/index.php\/wp-json\/wp\/v2\/pages"}],"about":[{"href":"https:\/\/www.melleseraphine.net\/index.php\/wp-json\/wp\/v2\/types\/page"}],"author":[{"embeddable":true,"href":"https:\/\/www.melleseraphine.net\/index.php\/wp-json\/wp\/v2\/users\/1"}],"replies":[{"embeddable":true,"href":"https:\/\/www.melleseraphine.net\/index.php\/wp-json\/wp\/v2\/comments?post=455"}],"version-history":[{"count":1,"href":"https:\/\/www.melleseraphine.net\/index.php\/wp-json\/wp\/v2\/pages\/455\/revisions"}],"predecessor-version":[{"id":457,"href":"https:\/\/www.melleseraphine.net\/index.php\/wp-json\/wp\/v2\/pages\/455\/revisions\/457"}],"up":[{"embeddable":true,"href":"https:\/\/www.melleseraphine.net\/index.php\/wp-json\/wp\/v2\/pages\/465"}],"wp:featuredmedia":[{"embeddable":true,"href":"https:\/\/www.melleseraphine.net\/index.php\/wp-json\/wp\/v2\/media\/456"}],"wp:attachment":[{"href":"https:\/\/www.melleseraphine.net\/index.php\/wp-json\/wp\/v2\/media?parent=455"}],"curies":[{"name":"wp","href":"https:\/\/api.w.org\/{rel}","templated":true}]}}