{"id":46,"date":"2021-07-05T21:25:47","date_gmt":"2021-07-05T19:25:47","guid":{"rendered":"https:\/\/www.melleseraphine.net\/?page_id=46"},"modified":"2025-05-04T08:45:10","modified_gmt":"2025-05-04T06:45:10","slug":"les-formations-a-distance","status":"publish","type":"page","link":"https:\/\/www.melleseraphine.net\/index.php\/les-formations-a-distance\/","title":{"rendered":"LES FORMATIONS A DISTANCE"},"content":{"rendered":"\n<p>Voici trois m\u00e9tiers d&rsquo;avenir <\/p>\n\n\n\n<p>Comme tu le sais certainement, je dispose d\u2019une plateforme de formation en ligne g\u00e9r\u00e9e par le Centre de Formation \u00e0 Distance. Je dispense le cours de coaching positif mais aussi techniques d\u2019animation coaching et initiation \u00e0 la sophrologie.<\/p>\n\n\n\n<p>COACHING POSITIF : <a href=\"https:\/\/www.melleseraphine.net\/index.php\/2021\/07\/05\/coaching-positif-le-module-en-ligne\/\">https:\/\/www.melleseraphine.net\/index.php\/2021\/07\/05\/coaching-positif-le-module-en-ligne\/<\/a><\/p>\n\n\n\n<figure class=\"wp-block-image size-large is-resized\"><img loading=\"lazy\" decoding=\"async\" src=\"https:\/\/www.melleseraphine.net\/wp-content\/uploads\/2021\/07\/FORMATION-EN-LIGNE-COACHING-.png\" alt=\"\" class=\"wp-image-30\" width=\"289\" height=\"242\" srcset=\"https:\/\/www.melleseraphine.net\/wp-content\/uploads\/2021\/07\/FORMATION-EN-LIGNE-COACHING-.png 940w, https:\/\/www.melleseraphine.net\/wp-content\/uploads\/2021\/07\/FORMATION-EN-LIGNE-COACHING--300x251.png 300w, https:\/\/www.melleseraphine.net\/wp-content\/uploads\/2021\/07\/FORMATION-EN-LIGNE-COACHING--768x644.png 768w, https:\/\/www.melleseraphine.net\/wp-content\/uploads\/2021\/07\/FORMATION-EN-LIGNE-COACHING--350x293.png 350w\" sizes=\"auto, (max-width: 289px) 100vw, 289px\" \/><\/figure>\n\n\n\n<h5 class=\"wp-block-heading\">AIMERIEZ-VOUS\u2026<\/h5>\n\n\n\n<ul class=\"wp-block-list\"><li>d\u00e9couvrir le principe du coaching positif ?<\/li><li>ma\u00eetriser les principes de base de la psychologie ?<\/li><li>pouvoir aider vos clients \u00e0 adopter la pens\u00e9e positive ?<\/li><li>pouvoir organiser des ateliers inspirants ?<\/li><li>ma\u00eetriser les principales techniques de gestion du stress ?<\/li><\/ul>\n\n\n\n<p>Le secr\u00e9tariat peut \u00e9galement r\u00e9pondre \u00e0 toutes tes questions et te fournir un chapitre gratuit pour voir si le cours te convient! Tu peux aussi demander une brochure en ligne ici&nbsp;<a rel=\"noreferrer noopener\" href=\"https:\/\/www.formationadistance.be\/check?action=brochure\" target=\"_blank\">https:\/\/www.formationadistance.be\/check?action=brochure<\/a><\/p>\n\n\n\n<p><\/p>\n\n\n\n<p><\/p>\n\n\n\n<h2 class=\"wp-block-heading\">SOPHROLOGIE<\/h2>\n\n\n\n<p>La sophrologie est une m\u00e9thode de relaxation qui permet de g\u00e9rer son stress et de ressentir un bien-\u00eatre manifeste. Par de nombreux exercices (de respiration et de visualisation notamment) elle permet d\u2019entamer une v\u00e9ritable d\u00e9marche personnelle pour se recentrer et prendre le dessus sur ses angoisses. Gr\u00e2ce \u00e0 notre formation vous d\u00e9couvrirez les grands principes de la sophrologie. Vous apprendrez \u00e0 maitriser des exercices simples qui seront la base d\u2019une r\u00e9flexion profonde. Votre formatrice partagera avec vous sa mani\u00e8re d\u2019orchestrer une s\u00e9ance. Tout au long de ce cours, &nbsp;plusieurs intervenants vous pr\u00e9senteront leur expertise dans les domaines d\u2019application de la sophrologie tels que la canc\u00e9rologie, le burn out, la gestion du poids,\u2026<\/p>\n\n\n\n<figure class=\"wp-block-image size-large is-resized\"><img loading=\"lazy\" decoding=\"async\" src=\"https:\/\/www.melleseraphine.net\/wp-content\/uploads\/2021\/07\/FORMATION-EN-LIGNE-SOPHRO.png\" alt=\"\" class=\"wp-image-29\" width=\"289\" height=\"242\" srcset=\"https:\/\/www.melleseraphine.net\/wp-content\/uploads\/2021\/07\/FORMATION-EN-LIGNE-SOPHRO.png 940w, https:\/\/www.melleseraphine.net\/wp-content\/uploads\/2021\/07\/FORMATION-EN-LIGNE-SOPHRO-300x251.png 300w, https:\/\/www.melleseraphine.net\/wp-content\/uploads\/2021\/07\/FORMATION-EN-LIGNE-SOPHRO-768x644.png 768w, https:\/\/www.melleseraphine.net\/wp-content\/uploads\/2021\/07\/FORMATION-EN-LIGNE-SOPHRO-350x293.png 350w\" sizes=\"auto, (max-width: 289px) 100vw, 289px\" \/><\/figure>\n\n\n\n<h5 class=\"wp-block-heading\">AIMERIEZ-VOUS\u2026<\/h5>\n\n\n\n<ul class=\"wp-block-list\"><li>vous familiariser avec la sophrologie ?<\/li><li>ma\u00eetriser une m\u00e9thode de d\u00e9veloppement personnel alternative ?<\/li><li>pouvoir g\u00e9rer son stress par la sophrologie ?<\/li><li>savoir organiser des s\u00e9ances de relaxation ?<\/li><li>conna\u00eetre des exercices de respiration et de visualisation apaisante ?<\/li><\/ul>\n\n\n\n<p>Si tu souhaites d\u2019inscrire, c\u2019est ici :&nbsp;<a rel=\"noreferrer noopener\" href=\"https:\/\/www.formationadistance.be\/cours\/sophrologie_-_initiation\/msophro\" target=\"_blank\">https:\/\/www.formationadistance.be\/cours\/sophrologie_-_initiation\/msophro<\/a><\/p>\n\n\n\n<p>TOUT PASSE PAR LE SECRETARIAT DU CENTRE DE FORMATION A DISTANCE puisqu\u2019ils h\u00e9bergent mon cours&nbsp;<\/p>\n\n\n\n<p>NOUVEAU  \u00e0 partit d&rsquo;octobre 2021, initiation \u00e0 la sophrologie ouvrira une session de 10 s\u00e9ances sur zoom.  Les inscriptions sont ouvertes et limit\u00e9es en nombre.<\/p>\n\n\n\n<p><\/p>\n\n\n\n<p><\/p>\n\n\n\n<p>ET ENFIN TECHNIQUES D&rsquo;ANIMATION COACHING<\/p>\n\n\n\n<p>Vous \u00eates dans le domaine du coaching et vous cherchez \u00e0 enrichir vos activit\u00e9s&nbsp;ou \u00e0 renforcer votre lien avec le coach\u00e9 ?&nbsp;Votre travail vous am\u00e8ne r\u00e9guli\u00e8rement \u00e0 encadrer des groupes&nbsp;et vous souhaitez apprendre \u00e0 le faire avec&nbsp; originalit\u00e9 et dynamisme ? Quelle que soit votre situation,&nbsp;la formation en technique d\u2019animation de coaching&nbsp;peut \u00eatre un atout pr\u00e9cieux pour votre activit\u00e9&nbsp;et enrichir vos interactions avec les autres gr\u00e2ces \u00e0 de nombreux conseils pratiques. Centr\u00e9e sur la dimension humaine, la formation en technique d\u2019animation de coaching est une mine d\u2019outils en tous genres permettant au coach de proposer&nbsp;un \u00e9change enrichissant \u00e0 son ou ses coach\u00e9(s). Vous d\u00e9couvrirez les diff\u00e9rents types de coaching. Vous apprendrez \u00e0 construire une relation de confiance avec votre coach\u00e9 et \u00e0 lui proposer des exercices originaux et int\u00e9ressants.&nbsp;En quelques mois, vous saurez parfaitement comment construire votre programme de coaching en fonction de votre client pour lui permettre d\u2019\u00e9voluer.<\/p>\n\n\n\n<figure class=\"wp-block-image size-large is-resized\"><img loading=\"lazy\" decoding=\"async\" src=\"https:\/\/www.melleseraphine.net\/wp-content\/uploads\/2021\/07\/FORMATION-EN-LIGNE-TAC.png\" alt=\"\" class=\"wp-image-28\" width=\"370\" height=\"311\" srcset=\"https:\/\/www.melleseraphine.net\/wp-content\/uploads\/2021\/07\/FORMATION-EN-LIGNE-TAC.png 940w, https:\/\/www.melleseraphine.net\/wp-content\/uploads\/2021\/07\/FORMATION-EN-LIGNE-TAC-300x251.png 300w, https:\/\/www.melleseraphine.net\/wp-content\/uploads\/2021\/07\/FORMATION-EN-LIGNE-TAC-768x644.png 768w, https:\/\/www.melleseraphine.net\/wp-content\/uploads\/2021\/07\/FORMATION-EN-LIGNE-TAC-350x293.png 350w\" sizes=\"auto, (max-width: 370px) 100vw, 370px\" \/><\/figure>\n\n\n\n<h5 class=\"wp-block-heading\">AIMERIEZ-VOUS\u2026<\/h5>\n\n\n\n<ul class=\"wp-block-list\"><li>vous sp\u00e9cialiser dans l\u2019animation d\u2019ateliers de coaching ?<\/li><li>proposer des exercices originaux et inspirants ?<\/li><li>conna\u00eetre les grandes tendances du coaching et de la formation ?<\/li><li>savoir comment agir face \u00e0 une personne en difficult\u00e9 ?<\/li><li>pouvoir analyser les probl\u00e8mes de vos clients et trouver des solutions adapt\u00e9es ?<\/li><\/ul>\n\n\n\n<p>Pour t\u2019inscrire, toute question, une brochure? c\u2019est ici :&nbsp;<a rel=\"noreferrer noopener\" href=\"https:\/\/www.formationadistance.be\/cours\/techniques_de_coaching\/manicoa\" target=\"_blank\">https:\/\/www.formationadistance.be\/cours\/techniques_de_coaching\/manicoa<\/a><\/p>\n\n\n\n<p><\/p>\n\n\n\n<p><\/p>\n\n\n\n<p>LES SESSIONS PRIVEES SONT A RESERVER VIA LA BOUTIQUE <\/p>\n\n\n\n<figure class=\"wp-block-image size-large\"><img loading=\"lazy\" decoding=\"async\" width=\"1024\" height=\"603\" src=\"https:\/\/www.melleseraphine.net\/wp-content\/uploads\/2021\/07\/cropped-FORMATION-EN-LIGNE-TAC-2-1024x603.png\" alt=\"\" class=\"wp-image-55\" srcset=\"https:\/\/www.melleseraphine.net\/wp-content\/uploads\/2021\/07\/cropped-FORMATION-EN-LIGNE-TAC-2-1024x603.png 1024w, https:\/\/www.melleseraphine.net\/wp-content\/uploads\/2021\/07\/cropped-FORMATION-EN-LIGNE-TAC-2-300x177.png 300w, https:\/\/www.melleseraphine.net\/wp-content\/uploads\/2021\/07\/cropped-FORMATION-EN-LIGNE-TAC-2-768x452.png 768w, https:\/\/www.melleseraphine.net\/wp-content\/uploads\/2021\/07\/cropped-FORMATION-EN-LIGNE-TAC-2-1536x905.png 1536w, https:\/\/www.melleseraphine.net\/wp-content\/uploads\/2021\/07\/cropped-FORMATION-EN-LIGNE-TAC-2-350x206.png 350w, https:\/\/www.melleseraphine.net\/wp-content\/uploads\/2021\/07\/cropped-FORMATION-EN-LIGNE-TAC-2.png 2000w\" sizes=\"auto, (max-width: 767px) 89vw, (max-width: 1000px) 54vw, (max-width: 1071px) 543px, 580px\" \/><\/figure>\n\n\n\n<p><\/p>\n\n\n\n<p><\/p>\n\n\n\n<p>NOUVEAU MINDFULNESS<\/p>\n\n\n\n<p><\/p>\n","protected":false},"excerpt":{"rendered":"<p>Voici trois m\u00e9tiers d&rsquo;avenir Comme tu le sais certainement, je dispose d\u2019une plateforme de formation en ligne g\u00e9r\u00e9e par le Centre de Formation \u00e0 Distance. Je dispense le cours de coaching positif mais aussi techniques d\u2019animation coaching et initiation \u00e0 la sophrologie. COACHING POSITIF : https:\/\/www.melleseraphine.net\/index.php\/2021\/07\/05\/coaching-positif-le-module-en-ligne\/ AIMERIEZ-VOUS\u2026 d\u00e9couvrir le principe du coaching positif ? ma\u00eetriser &hellip; <\/p>\n<p class=\"link-more\"><a href=\"https:\/\/www.melleseraphine.net\/index.php\/les-formations-a-distance\/\" class=\"more-link\">Continuer la lecture<span class=\"screen-reader-text\"> de &laquo;&nbsp;LES FORMATIONS A DISTANCE&nbsp;&raquo;<\/span><\/a><\/p>\n","protected":false},"author":1,"featured_media":30,"parent":0,"menu_order":0,"comment_status":"closed","ping_status":"closed","template":"","meta":{"footnotes":""},"class_list":["post-46","page","type-page","status-publish","has-post-thumbnail","hentry"],"_links":{"self":[{"href":"https:\/\/www.melleseraphine.net\/index.php\/wp-json\/wp\/v2\/pages\/46","targetHints":{"allow":["GET"]}}],"collection":[{"href":"https:\/\/www.melleseraphine.net\/index.php\/wp-json\/wp\/v2\/pages"}],"about":[{"href":"https:\/\/www.melleseraphine.net\/index.php\/wp-json\/wp\/v2\/types\/page"}],"author":[{"embeddable":true,"href":"https:\/\/www.melleseraphine.net\/index.php\/wp-json\/wp\/v2\/users\/1"}],"replies":[{"embeddable":true,"href":"https:\/\/www.melleseraphine.net\/index.php\/wp-json\/wp\/v2\/comments?post=46"}],"version-history":[{"count":4,"href":"https:\/\/www.melleseraphine.net\/index.php\/wp-json\/wp\/v2\/pages\/46\/revisions"}],"predecessor-version":[{"id":443,"href":"https:\/\/www.melleseraphine.net\/index.php\/wp-json\/wp\/v2\/pages\/46\/revisions\/443"}],"wp:featuredmedia":[{"embeddable":true,"href":"https:\/\/www.melleseraphine.net\/index.php\/wp-json\/wp\/v2\/media\/30"}],"wp:attachment":[{"href":"https:\/\/www.melleseraphine.net\/index.php\/wp-json\/wp\/v2\/media?parent=46"}],"curies":[{"name":"wp","href":"https:\/\/api.w.org\/{rel}","templated":true}]}}