{"id":473,"date":"2025-05-04T09:19:35","date_gmt":"2025-05-04T07:19:35","guid":{"rendered":"https:\/\/www.melleseraphine.net\/?page_id=473"},"modified":"2025-05-04T10:18:09","modified_gmt":"2025-05-04T08:18:09","slug":"les-initiations-reiki-chamanique-maheo-o","status":"publish","type":"page","link":"https:\/\/www.melleseraphine.net\/index.php\/lunivers-de-mademoiselle-seraphine-services\/les-initiations-reiki-chamanique-maheo-o\/","title":{"rendered":"LES INITIATIONS REIKI CHAMANIQUE MAHEO O"},"content":{"rendered":"\n<p><\/p>\n\n\n\n<h3 class=\"wp-block-heading\">\u2727 Initiation Reiki Ma Heo O \u2727<\/h3>\n\n\n\n<p><strong>S\u2019ancrer \u00e0 la Terre. Se relier au Grand Tout. S\u2019ouvrir \u00e0 l\u2019\u00e9nergie du Vivant.<\/strong><\/p>\n\n\n\n<p>Le Reiki Ma Heo O est une voie sacr\u00e9e. Un sentier chamanique et vibratoire qui relie les <strong>forces \u00e9l\u00e9mentaires<\/strong> \u00e0 notre propre \u00e9nergie int\u00e9rieure.<br>\u00c0 travers cette initiation, je vous propose un <strong>rite de passage profond<\/strong>, un appel \u00e0 la sagesse des \u00e9l\u00e9ments, des animaux alli\u00e9s et des guides spirituels.<\/p>\n\n\n\n<hr class=\"wp-block-separator\"\/>\n\n\n\n<h3 class=\"wp-block-heading\">\u2727 Une voie chamanique et vibratoire \u2727<\/h3>\n\n\n\n<p>\u00ab\u00a0Ma Heo O\u00a0\u00bb signifie : <em>Le pouvoir de Dieu qui est en toutes choses.<\/em><br>Cette pratique sacr\u00e9e allie la structure du Reiki aux fondements de la <strong>spiritualit\u00e9 am\u00e9rindienne et universelle<\/strong>, pour activer votre pouvoir de gu\u00e9rison \u00e0 travers :<\/p>\n\n\n\n<p>\ud83c\udf0d <strong>Les 5 \u00e9l\u00e9ments sacr\u00e9s<\/strong> : Terre, Eau, Feu, Air, Esprit<br>\ud83c\udf00 <strong>Les 5 symboles sacr\u00e9s du Reiki Ma Heo O<\/strong><br>\ud83e\udeb6 <strong>La reliance aux guides et aux esprits alli\u00e9s<\/strong><br>\ud83c\udf3f <strong>Les pratiques chamaniques douces<\/strong> : tambour, visualisations, offrandes<\/p>\n\n\n\n<hr class=\"wp-block-separator\"\/>\n\n\n\n<h3 class=\"wp-block-heading\">\u2727 Une initiation comme un rite \u2727<\/h3>\n\n\n\n<p>Chaque degr\u00e9 du Reiki Ma Heo O est un pas vers la <strong>souverainet\u00e9 \u00e9nerg\u00e9tique<\/strong>, une reconnexion au Vivant dans toutes ses dimensions.<br>Vous \u00eates invit\u00e9\u00b7e \u00e0 recevoir :<\/p>\n\n\n\n<p>\u2728 Un ancrage profond \u00e0 la Terre-M\u00e8re<br>\u2728 Une expansion de votre conscience subtile<br>\u2728 Une activation douce de vos capacit\u00e9s intuitives<br>\u2728 Un lien fort avec vos animaux-totems et guides personnels<\/p>\n\n\n\n<hr class=\"wp-block-separator\"\/>\n\n\n\n<h3 class=\"wp-block-heading\">\u2727 Pour les \u00e2mes pr\u00eates \u00e0 cheminer \u2727<\/h3>\n\n\n\n<p>Cette initiation est ouverte \u00e0 toutes les personnes en qu\u00eate d\u2019un accompagnement <strong>sacr\u00e9, respectueux et connect\u00e9 \u00e0 la nature<\/strong>.<br>Aucune connaissance pr\u00e9alable n\u2019est requise. Seulement l\u2019\u00e9lan du c\u0153ur, et l\u2019humilit\u00e9 d\u2019un.e apprenti.e de la Vie.<\/p>\n\n\n\n<hr class=\"wp-block-separator\"\/>\n\n\n\n<h3 class=\"wp-block-heading\">\u2727 Avec Mademoiselle S\u00e9raphine \u2727<\/h3>\n\n\n\n<p>Dans un cercle bienveillant et magique, je vous accompagne \u00e0 votre rythme \u00e0 travers cette transmission.<br>Les initiations peuvent se vivre <strong>en pr\u00e9sentiel ou \u00e0 distance<\/strong>, dans un cadre sacr\u00e9, avec <strong>un livret complet, des rituels guid\u00e9s, des soins, et un suivi personnalis\u00e9<\/strong>.<\/p>\n","protected":false},"excerpt":{"rendered":"<p>\u2727 Initiation Reiki Ma Heo O \u2727 S\u2019ancrer \u00e0 la Terre. Se relier au Grand Tout. S\u2019ouvrir \u00e0 l\u2019\u00e9nergie du Vivant. Le Reiki Ma Heo O est une voie sacr\u00e9e. Un sentier chamanique et vibratoire qui relie les forces \u00e9l\u00e9mentaires \u00e0 notre propre \u00e9nergie int\u00e9rieure.\u00c0 travers cette initiation, je vous propose un rite de passage &hellip; <\/p>\n<p class=\"link-more\"><a href=\"https:\/\/www.melleseraphine.net\/index.php\/lunivers-de-mademoiselle-seraphine-services\/les-initiations-reiki-chamanique-maheo-o\/\" class=\"more-link\">Continuer la lecture<span class=\"screen-reader-text\"> de &laquo;&nbsp;LES INITIATIONS REIKI CHAMANIQUE MAHEO O&nbsp;&raquo;<\/span><\/a><\/p>\n","protected":false},"author":1,"featured_media":474,"parent":465,"menu_order":-7,"comment_status":"closed","ping_status":"closed","template":"","meta":{"footnotes":""},"class_list":["post-473","page","type-page","status-publish","has-post-thumbnail","hentry"],"_links":{"self":[{"href":"https:\/\/www.melleseraphine.net\/index.php\/wp-json\/wp\/v2\/pages\/473","targetHints":{"allow":["GET"]}}],"collection":[{"href":"https:\/\/www.melleseraphine.net\/index.php\/wp-json\/wp\/v2\/pages"}],"about":[{"href":"https:\/\/www.melleseraphine.net\/index.php\/wp-json\/wp\/v2\/types\/page"}],"author":[{"embeddable":true,"href":"https:\/\/www.melleseraphine.net\/index.php\/wp-json\/wp\/v2\/users\/1"}],"replies":[{"embeddable":true,"href":"https:\/\/www.melleseraphine.net\/index.php\/wp-json\/wp\/v2\/comments?post=473"}],"version-history":[{"count":2,"href":"https:\/\/www.melleseraphine.net\/index.php\/wp-json\/wp\/v2\/pages\/473\/revisions"}],"predecessor-version":[{"id":481,"href":"https:\/\/www.melleseraphine.net\/index.php\/wp-json\/wp\/v2\/pages\/473\/revisions\/481"}],"up":[{"embeddable":true,"href":"https:\/\/www.melleseraphine.net\/index.php\/wp-json\/wp\/v2\/pages\/465"}],"wp:featuredmedia":[{"embeddable":true,"href":"https:\/\/www.melleseraphine.net\/index.php\/wp-json\/wp\/v2\/media\/474"}],"wp:attachment":[{"href":"https:\/\/www.melleseraphine.net\/index.php\/wp-json\/wp\/v2\/media?parent=473"}],"curies":[{"name":"wp","href":"https:\/\/api.w.org\/{rel}","templated":true}]}}