{"id":495,"date":"2025-05-04T09:36:44","date_gmt":"2025-05-04T07:36:44","guid":{"rendered":"https:\/\/www.melleseraphine.net\/?page_id=495"},"modified":"2025-05-04T10:16:10","modified_gmt":"2025-05-04T08:16:10","slug":"des-livres-comme-des-lanternes-des-mots-pour-traverser-des-pages-pour-seveiller","status":"publish","type":"page","link":"https:\/\/www.melleseraphine.net\/index.php\/les-livres\/des-livres-comme-des-lanternes-des-mots-pour-traverser-des-pages-pour-seveiller\/","title":{"rendered":"Des livres comme des lanternes. Des mots pour traverser. Des pages pour s\u2019\u00e9veiller."},"content":{"rendered":"\n<h3 class=\"wp-block-heading\">\u2727 Les sorties litt\u00e9raires de Mademoiselle S\u00e9raphine \u2727<\/h3>\n\n\n\n<p><\/p>\n\n\n\n<p>Mademoiselle S\u00e9raphine vous invite dans un univers d\u2019\u00e9criture sensible, intuitif et spirituel.<br>Chaque ouvrage est un <strong>chemin de transformation<\/strong>, une <strong>offrande po\u00e9tique<\/strong>, un compagnon d\u2019\u00e2me pour les temps de doute, de renaissance ou d\u2019exploration int\u00e9rieure.<\/p>\n\n\n\n<hr class=\"wp-block-separator\"\/>\n\n\n\n<h3 class=\"wp-block-heading\">\ud83d\udcda <strong>Derni\u00e8res parutions<\/strong><\/h3>\n\n\n\n<h4 class=\"wp-block-heading\">\ud83c\udf3f <strong>Le Jeu de la Dame de C\u0153ur<\/strong><\/h4>\n\n\n\n<p>Un feuillet po\u00e9tique et rituel pour cultiver l\u2019amour de soi, l\u2019\u00e9coute du c\u0153ur et l\u2019intuition f\u00e9minine.<br>\u2192 Format :  cartes \u00e0 d\u00e9couper<br>\u2192 Usage : d\u00e9veloppement personnel, guidance douce, accompagnement th\u00e9rapeutique<\/p>\n\n\n\n<hr class=\"wp-block-separator\"\/>\n\n\n\n<h4 class=\"wp-block-heading\">\u2728 <strong>Po\u00e9sies graphiques \u2013 Cr\u00e9er dans la douceur<\/strong><\/h4>\n\n\n\n<p>Une exploration m\u00ealant art, soin et inclusion.<br>\u2192 Destin\u00e9 aux enfants et adultes sensibles, en milieu \u00e9ducatif ou th\u00e9rapeutique<br>\u2192 Contenu : fiches pratiques, mod\u00e8les d\u2019inspiration, plusieurs th\u00e8mes<\/p>\n\n\n\n<p><\/p>\n\n\n\n<hr class=\"wp-block-separator\"\/>\n\n\n\n<h4 class=\"wp-block-heading\">\ud83c\udf38 <strong>Carnet de bord de l\u2019aventurier\u00b7\u00e8re int\u00e9rieur\u00b7e<\/strong><\/h4>\n\n\n\n<p>Un carnet guid\u00e9 m\u00ealant ludocr\u00e9ativit\u00e9, rituels de pleine conscience, et d\u00e9couvertes en nature.<br>\u2192 Format : A5 \u00e0 imprimer <br>\u2192 Pour enfants en homeschooling, familles ou th\u00e9rapeutes ludiques<\/p>\n\n\n\n<hr class=\"wp-block-separator\"\/>\n\n\n\n<h4 class=\"wp-block-heading\">\ud83d\udd2e <strong>Cartes ETATS D&rsquo;AME &#8211; TOME 2  &amp; kit de reliance intuitive<\/strong><\/h4>\n\n\n\n<p>Un coffret po\u00e9tique pour dialoguer avec la sagesse du vivant.<br>\u2192 Contenu : 44 cartes dans un livret d\u2019interpr\u00e9tation<br>\u2192 Utilisation : oracles, rituels de soin, ateliers en groupe<\/p>\n\n\n\n<hr class=\"wp-block-separator\"\/>\n\n\n\n<h3 class=\"wp-block-heading\">\u2727 \u00c0 venir tr\u00e8s bient\u00f4t&#8230;<\/h3>\n\n\n\n<ul class=\"wp-block-list\"><li><strong>Ludocr\u00e9ativit\u00e9 et r\u00f4le play gaming (RPG)<\/strong><\/li><li><strong>Manuel Reiki \u2013 Niveau 4 <\/strong><\/li><li><strong>Journal de progression Reiki<\/strong> (d\u00e9j\u00e0 disponible) <\/li><li><strong>Le Livre des Rituels po\u00e9tiques pour enfants hypersensibles<\/strong><\/li><\/ul>\n\n\n\n<hr class=\"wp-block-separator\"\/>\n\n\n\n<p>\ud83d\udcec Tous les livres sont disponibles en version papier uniquement (pas d&rsquo;ebook)<br>\ud83c\udfa8 Les contenus sont con\u00e7us pour une utilisation personnelle, professionnelle ou p\u00e9dagogique.<br>\ud83d\udc8c Pour recevoir les nouveaut\u00e9s en avant-premi\u00e8re : <a class=\"\">melleseraphine@gmail.com<\/a><\/p>\n\n\n\n<p><\/p>\n\n\n\n<figure class=\"wp-block-gallery columns-3 is-cropped wp-block-gallery-1 is-layout-flex wp-block-gallery-is-layout-flex\"><ul class=\"blocks-gallery-grid\"><li class=\"blocks-gallery-item\"><figure><img loading=\"lazy\" decoding=\"async\" width=\"721\" height=\"1024\" src=\"https:\/\/www.melleseraphine.net\/wp-content\/uploads\/2025\/05\/COVER-LUDOTHERAPIE-TOME-5-2-721x1024.png\" alt=\"\" data-id=\"500\" data-link=\"https:\/\/www.melleseraphine.net\/index.php\/les-livres\/des-livres-comme-des-lanternes-des-mots-pour-traverser-des-pages-pour-seveiller\/cover-ludotherapie-tome-5-2\/\" class=\"wp-image-500\" srcset=\"https:\/\/www.melleseraphine.net\/wp-content\/uploads\/2025\/05\/COVER-LUDOTHERAPIE-TOME-5-2-721x1024.png 721w, https:\/\/www.melleseraphine.net\/wp-content\/uploads\/2025\/05\/COVER-LUDOTHERAPIE-TOME-5-2-211x300.png 211w, https:\/\/www.melleseraphine.net\/wp-content\/uploads\/2025\/05\/COVER-LUDOTHERAPIE-TOME-5-2-768x1090.png 768w, https:\/\/www.melleseraphine.net\/wp-content\/uploads\/2025\/05\/COVER-LUDOTHERAPIE-TOME-5-2-1082x1536.png 1082w, https:\/\/www.melleseraphine.net\/wp-content\/uploads\/2025\/05\/COVER-LUDOTHERAPIE-TOME-5-2-350x497.png 350w, https:\/\/www.melleseraphine.net\/wp-content\/uploads\/2025\/05\/COVER-LUDOTHERAPIE-TOME-5-2.png 1409w\" sizes=\"auto, (max-width: 721px) 100vw, 721px\" \/><\/figure><\/li><li class=\"blocks-gallery-item\"><figure><img loading=\"lazy\" decoding=\"async\" width=\"721\" height=\"1024\" src=\"https:\/\/www.melleseraphine.net\/wp-content\/uploads\/2025\/05\/COVER-LUDOTHERAPIE-TOME-6-721x1024.png\" alt=\"\" data-id=\"502\" data-full-url=\"https:\/\/www.melleseraphine.net\/wp-content\/uploads\/2025\/05\/COVER-LUDOTHERAPIE-TOME-6.png\" data-link=\"https:\/\/www.melleseraphine.net\/index.php\/les-livres\/des-livres-comme-des-lanternes-des-mots-pour-traverser-des-pages-pour-seveiller\/cover-ludotherapie-tome-6\/\" class=\"wp-image-502\" srcset=\"https:\/\/www.melleseraphine.net\/wp-content\/uploads\/2025\/05\/COVER-LUDOTHERAPIE-TOME-6-721x1024.png 721w, https:\/\/www.melleseraphine.net\/wp-content\/uploads\/2025\/05\/COVER-LUDOTHERAPIE-TOME-6-211x300.png 211w, https:\/\/www.melleseraphine.net\/wp-content\/uploads\/2025\/05\/COVER-LUDOTHERAPIE-TOME-6-768x1090.png 768w, https:\/\/www.melleseraphine.net\/wp-content\/uploads\/2025\/05\/COVER-LUDOTHERAPIE-TOME-6-1082x1536.png 1082w, https:\/\/www.melleseraphine.net\/wp-content\/uploads\/2025\/05\/COVER-LUDOTHERAPIE-TOME-6-350x497.png 350w, https:\/\/www.melleseraphine.net\/wp-content\/uploads\/2025\/05\/COVER-LUDOTHERAPIE-TOME-6.png 1409w\" sizes=\"auto, (max-width: 721px) 100vw, 721px\" \/><\/figure><\/li><li class=\"blocks-gallery-item\"><figure><img loading=\"lazy\" decoding=\"async\" width=\"721\" height=\"1024\" src=\"https:\/\/www.melleseraphine.net\/wp-content\/uploads\/2025\/05\/OVER-LUDOTHERAPIE-TOME-9-721x1024.png\" alt=\"\" data-id=\"503\" data-full-url=\"https:\/\/www.melleseraphine.net\/wp-content\/uploads\/2025\/05\/OVER-LUDOTHERAPIE-TOME-9.png\" data-link=\"https:\/\/www.melleseraphine.net\/index.php\/les-livres\/des-livres-comme-des-lanternes-des-mots-pour-traverser-des-pages-pour-seveiller\/over-ludotherapie-tome-9\/\" class=\"wp-image-503\" srcset=\"https:\/\/www.melleseraphine.net\/wp-content\/uploads\/2025\/05\/OVER-LUDOTHERAPIE-TOME-9-721x1024.png 721w, https:\/\/www.melleseraphine.net\/wp-content\/uploads\/2025\/05\/OVER-LUDOTHERAPIE-TOME-9-211x300.png 211w, https:\/\/www.melleseraphine.net\/wp-content\/uploads\/2025\/05\/OVER-LUDOTHERAPIE-TOME-9-768x1090.png 768w, https:\/\/www.melleseraphine.net\/wp-content\/uploads\/2025\/05\/OVER-LUDOTHERAPIE-TOME-9-1082x1536.png 1082w, https:\/\/www.melleseraphine.net\/wp-content\/uploads\/2025\/05\/OVER-LUDOTHERAPIE-TOME-9-350x497.png 350w, https:\/\/www.melleseraphine.net\/wp-content\/uploads\/2025\/05\/OVER-LUDOTHERAPIE-TOME-9.png 1409w\" sizes=\"auto, (max-width: 721px) 100vw, 721px\" \/><\/figure><\/li><li class=\"blocks-gallery-item\"><figure><img loading=\"lazy\" decoding=\"async\" width=\"721\" height=\"1024\" src=\"https:\/\/www.melleseraphine.net\/wp-content\/uploads\/2025\/05\/COVER-LUDOTHERAPIE-TOME-8-721x1024.png\" alt=\"\" data-id=\"504\" data-full-url=\"https:\/\/www.melleseraphine.net\/wp-content\/uploads\/2025\/05\/COVER-LUDOTHERAPIE-TOME-8.png\" data-link=\"https:\/\/www.melleseraphine.net\/index.php\/les-livres\/des-livres-comme-des-lanternes-des-mots-pour-traverser-des-pages-pour-seveiller\/cover-ludotherapie-tome-8\/\" class=\"wp-image-504\" srcset=\"https:\/\/www.melleseraphine.net\/wp-content\/uploads\/2025\/05\/COVER-LUDOTHERAPIE-TOME-8-721x1024.png 721w, https:\/\/www.melleseraphine.net\/wp-content\/uploads\/2025\/05\/COVER-LUDOTHERAPIE-TOME-8-211x300.png 211w, https:\/\/www.melleseraphine.net\/wp-content\/uploads\/2025\/05\/COVER-LUDOTHERAPIE-TOME-8-768x1090.png 768w, https:\/\/www.melleseraphine.net\/wp-content\/uploads\/2025\/05\/COVER-LUDOTHERAPIE-TOME-8-1082x1536.png 1082w, https:\/\/www.melleseraphine.net\/wp-content\/uploads\/2025\/05\/COVER-LUDOTHERAPIE-TOME-8-350x497.png 350w, https:\/\/www.melleseraphine.net\/wp-content\/uploads\/2025\/05\/COVER-LUDOTHERAPIE-TOME-8.png 1409w\" sizes=\"auto, (max-width: 721px) 100vw, 721px\" \/><\/figure><\/li><li class=\"blocks-gallery-item\"><figure><img loading=\"lazy\" decoding=\"async\" width=\"721\" height=\"1024\" src=\"https:\/\/www.melleseraphine.net\/wp-content\/uploads\/2025\/05\/COVER-LUDOTHERAPIE-TOME-7-1-721x1024.png\" alt=\"\" data-id=\"505\" data-full-url=\"https:\/\/www.melleseraphine.net\/wp-content\/uploads\/2025\/05\/COVER-LUDOTHERAPIE-TOME-7-1.png\" data-link=\"https:\/\/www.melleseraphine.net\/index.php\/les-livres\/des-livres-comme-des-lanternes-des-mots-pour-traverser-des-pages-pour-seveiller\/cover-ludotherapie-tome-7-1\/\" class=\"wp-image-505\" srcset=\"https:\/\/www.melleseraphine.net\/wp-content\/uploads\/2025\/05\/COVER-LUDOTHERAPIE-TOME-7-1-721x1024.png 721w, https:\/\/www.melleseraphine.net\/wp-content\/uploads\/2025\/05\/COVER-LUDOTHERAPIE-TOME-7-1-211x300.png 211w, https:\/\/www.melleseraphine.net\/wp-content\/uploads\/2025\/05\/COVER-LUDOTHERAPIE-TOME-7-1-768x1090.png 768w, https:\/\/www.melleseraphine.net\/wp-content\/uploads\/2025\/05\/COVER-LUDOTHERAPIE-TOME-7-1-1082x1536.png 1082w, https:\/\/www.melleseraphine.net\/wp-content\/uploads\/2025\/05\/COVER-LUDOTHERAPIE-TOME-7-1-350x497.png 350w, https:\/\/www.melleseraphine.net\/wp-content\/uploads\/2025\/05\/COVER-LUDOTHERAPIE-TOME-7-1.png 1409w\" sizes=\"auto, (max-width: 721px) 100vw, 721px\" \/><\/figure><\/li><li class=\"blocks-gallery-item\"><figure><img loading=\"lazy\" decoding=\"async\" width=\"724\" height=\"1024\" src=\"https:\/\/www.melleseraphine.net\/wp-content\/uploads\/2025\/05\/POESIES-GRAPHIIQUES-6-724x1024.png\" alt=\"\" data-id=\"506\" data-full-url=\"https:\/\/www.melleseraphine.net\/wp-content\/uploads\/2025\/05\/POESIES-GRAPHIIQUES-6.png\" data-link=\"https:\/\/www.melleseraphine.net\/index.php\/les-livres\/des-livres-comme-des-lanternes-des-mots-pour-traverser-des-pages-pour-seveiller\/poesies-graphiiques-6\/\" class=\"wp-image-506\" srcset=\"https:\/\/www.melleseraphine.net\/wp-content\/uploads\/2025\/05\/POESIES-GRAPHIIQUES-6-724x1024.png 724w, https:\/\/www.melleseraphine.net\/wp-content\/uploads\/2025\/05\/POESIES-GRAPHIIQUES-6-212x300.png 212w, https:\/\/www.melleseraphine.net\/wp-content\/uploads\/2025\/05\/POESIES-GRAPHIIQUES-6-768x1086.png 768w, https:\/\/www.melleseraphine.net\/wp-content\/uploads\/2025\/05\/POESIES-GRAPHIIQUES-6-1086x1536.png 1086w, https:\/\/www.melleseraphine.net\/wp-content\/uploads\/2025\/05\/POESIES-GRAPHIIQUES-6-350x495.png 350w, https:\/\/www.melleseraphine.net\/wp-content\/uploads\/2025\/05\/POESIES-GRAPHIIQUES-6.png 1414w\" sizes=\"auto, (max-width: 724px) 100vw, 724px\" \/><\/figure><\/li><\/ul><\/figure>\n","protected":false},"excerpt":{"rendered":"<p>\u2727 Les sorties litt\u00e9raires de Mademoiselle S\u00e9raphine \u2727 Mademoiselle S\u00e9raphine vous invite dans un univers d\u2019\u00e9criture sensible, intuitif et spirituel.Chaque ouvrage est un chemin de transformation, une offrande po\u00e9tique, un compagnon d\u2019\u00e2me pour les temps de doute, de renaissance ou d\u2019exploration int\u00e9rieure. \ud83d\udcda Derni\u00e8res parutions \ud83c\udf3f Le Jeu de la Dame de C\u0153ur Un feuillet &hellip; <\/p>\n<p class=\"link-more\"><a href=\"https:\/\/www.melleseraphine.net\/index.php\/les-livres\/des-livres-comme-des-lanternes-des-mots-pour-traverser-des-pages-pour-seveiller\/\" class=\"more-link\">Continuer la lecture<span class=\"screen-reader-text\"> de &laquo;&nbsp;Des livres comme des lanternes. Des mots pour traverser. Des pages pour s\u2019\u00e9veiller.&nbsp;&raquo;<\/span><\/a><\/p>\n","protected":false},"author":1,"featured_media":0,"parent":37,"menu_order":-1,"comment_status":"closed","ping_status":"closed","template":"","meta":{"footnotes":""},"class_list":["post-495","page","type-page","status-publish","hentry"],"_links":{"self":[{"href":"https:\/\/www.melleseraphine.net\/index.php\/wp-json\/wp\/v2\/pages\/495","targetHints":{"allow":["GET"]}}],"collection":[{"href":"https:\/\/www.melleseraphine.net\/index.php\/wp-json\/wp\/v2\/pages"}],"about":[{"href":"https:\/\/www.melleseraphine.net\/index.php\/wp-json\/wp\/v2\/types\/page"}],"author":[{"embeddable":true,"href":"https:\/\/www.melleseraphine.net\/index.php\/wp-json\/wp\/v2\/users\/1"}],"replies":[{"embeddable":true,"href":"https:\/\/www.melleseraphine.net\/index.php\/wp-json\/wp\/v2\/comments?post=495"}],"version-history":[{"count":3,"href":"https:\/\/www.melleseraphine.net\/index.php\/wp-json\/wp\/v2\/pages\/495\/revisions"}],"predecessor-version":[{"id":507,"href":"https:\/\/www.melleseraphine.net\/index.php\/wp-json\/wp\/v2\/pages\/495\/revisions\/507"}],"up":[{"embeddable":true,"href":"https:\/\/www.melleseraphine.net\/index.php\/wp-json\/wp\/v2\/pages\/37"}],"wp:attachment":[{"href":"https:\/\/www.melleseraphine.net\/index.php\/wp-json\/wp\/v2\/media?parent=495"}],"curies":[{"name":"wp","href":"https:\/\/api.w.org\/{rel}","templated":true}]}}