{"id":142,"date":"2022-01-08T18:32:24","date_gmt":"2022-01-08T17:32:24","guid":{"rendered":"https:\/\/www.melleseraphine.net\/?post_type=product&#038;p=142"},"modified":"2025-05-16T11:26:55","modified_gmt":"2025-05-16T09:26:55","slug":"coaching-positif","status":"publish","type":"product","link":"https:\/\/www.melleseraphine.net\/index.php\/produit\/coaching-positif\/","title":{"rendered":"COACHING POSITIF &#8211; la nouvelle peau   MASTERCLASS  option 2"},"content":{"rendered":"<p>Bonjour \u00e0 vous,<\/p>\n<p>&nbsp;<\/p>\n<p>Certaines\/certains d\u2019entre vous ont suivi le programme de coaching\u00a0<em>\u00ab\u00a0la nouvelle peau \u2013 28 jours pour cr\u00e9er une vie \u00e0 votre image\u00a0\u00bb<\/em>\u00a0et il faut bien le dire : pour une premi\u00e8re, ce f\u00fbt un\u00a0succ\u00e8s!<\/p>\n<p>Retrouvez quelques\u00a0t\u00e9moignages\u00a0dans le bas de ce document.<\/p>\n<p>&nbsp;<\/p>\n<p>Je suis personnellement tellement\u00a0ravie\u00a0des r\u00e9sultats obtenus que j\u2019ai d\u00e9cid\u00e9 d\u2019en faire\u00a0un livre \u00ab\u00a0la nouvelle peau \u2013 28 jours pour cr\u00e9er une vie \u00e0 votre image\u00a0\u00bb (disponible sur Melle S\u00e9raphine eshop)<\/p>\n<p>&nbsp;<\/p>\n<p>Pour aller plus loin, voici 4 options \u00e0 explorer :<\/p>\n<p><strong>1 option\u00a0sans prise en charge<\/strong><\/p>\n<p>* j\u2019ach\u00e8te le livre et je me d\u00e9brouille seule = 49\u20ac (prix du livre via le lien ci-dessus)<\/p>\n<p><img loading=\"lazy\" decoding=\"async\" class=\"alignnone size-medium wp-image-266\" src=\"https:\/\/www.melleseraphine.net\/wp-content\/uploads\/2022\/01\/Design-sans-titre-300x218.png\" alt=\"\" width=\"300\" height=\"218\" srcset=\"https:\/\/www.melleseraphine.net\/wp-content\/uploads\/2022\/01\/Design-sans-titre-300x218.png 300w, https:\/\/www.melleseraphine.net\/wp-content\/uploads\/2022\/01\/Design-sans-titre-768x559.png 768w, https:\/\/www.melleseraphine.net\/wp-content\/uploads\/2022\/01\/Design-sans-titre-350x255.png 350w, https:\/\/www.melleseraphine.net\/wp-content\/uploads\/2022\/01\/Design-sans-titre.png 800w\" sizes=\"auto, (max-width: 300px) 100vw, 300px\" \/><\/p>\n<p><strong>3 options avec\u00a0prise en charge<\/strong><\/p>\n<p><strong>OPTION 2 : j\u2019ach\u00e8te le livre et je souhaite une session Skype 1H \/semaine ( soit 4 semaines) =259\u20ac = MASTERCLASS DES VACANCES\u00a0 5 places\u00a0<\/strong><\/p>\n<p><img loading=\"lazy\" decoding=\"async\" class=\"alignnone size-medium wp-image-267\" src=\"https:\/\/www.melleseraphine.net\/wp-content\/uploads\/2022\/01\/masterclass-300x218.png\" alt=\"\" width=\"300\" height=\"218\" srcset=\"https:\/\/www.melleseraphine.net\/wp-content\/uploads\/2022\/01\/masterclass-300x218.png 300w, https:\/\/www.melleseraphine.net\/wp-content\/uploads\/2022\/01\/masterclass-768x559.png 768w, https:\/\/www.melleseraphine.net\/wp-content\/uploads\/2022\/01\/masterclass-350x255.png 350w, https:\/\/www.melleseraphine.net\/wp-content\/uploads\/2022\/01\/masterclass.png 800w\" sizes=\"auto, (max-width: 300px) 100vw, 300px\" \/><\/p>\n<p>OPTION 3 : j\u2019ach\u00e8te le livre et je souhaite un suivi personnalis\u00e9 pendant 3 mois (12 s\u00e9ances priv\u00e9es Skype 1H SEMAINE ) = 649\u20ac<\/p>\n<p>&nbsp;<\/p>\n<p>&nbsp;<\/p>\n<p>OPTION 4\u00a0: je change de vie et je deviens coach!<\/p>\n<p>Je suis la formation de base en coaching , je b\u00e9n\u00e9ficie d\u2019un suivi personnalis\u00e9 pendant 6\u00a0mois. Je travaille le coaching et j\u2019apprends \u00e0 l\u2019utiliser.<\/p>\n<p>j\u2019apprends \u00e9galement \u00e0 utiliser le livre de coaching avec ma client\u00e8le. Formation \u00e0 distance et prise en charge pendant les 6 mois \u00e0\u00a0 raison d\u2019une s\u00e9ance par semaine ( Skype) , suivi par email.<\/p>\n<p>Je b\u00e9n\u00e9ficie d\u2019une s\u00e9ance priv\u00e9e gratuite pour faire le bilan de fin de formation.<\/p>\n<p>= 1399\u20ac<\/p>\n<p>Formation certifi\u00e9e et autorisations d\u2019utiliser la m\u00e9thode-5 places<\/p>\n","protected":false},"excerpt":{"rendered":"<p>\u00ab\u00a0<em>Bonjour,Je vous remercie \u2026 dur dur\u2026 cela se bouscule dans ma t\u00eate\u2026j\u2019y vois d\u00e9j\u00e0 plus clair\u2026ce que je veux \u2026ce que je ne veux plus.Encore Merci.BISOUS\u00a0\u00bb SC<\/em><\/p>\n<p><em>\u00ab\u00a0Un petit mot pour te dire que je suis le programme chaque jour. Grosse prise de conscience sur certains points de ma vie, et beaucoup de travail pour am\u00e9liorer tout \u00e7a. Je ressens pas mal de perturbations depuis samedi, du type mauvais sommeil, grosse fatigue, larmes qui montent facilement. Mais malgr\u00e9 tout je m\u2019accroche et souhaite aller jusqu\u2019au bout, parce que ce que je commence, je le termine, et puis ce changement arrive \u00e0 temps dans ma vie, il est vraiment temps que tout change et bouge pour moi !!!merci \u00e0 toi pour ce coaching et pour ton temps, bisous\u00a0\u00bb MJ<\/em><\/p>\n","protected":false},"featured_media":267,"comment_status":"open","ping_status":"closed","template":"","meta":[],"class_list":["post-142","product","type-product","status-publish","has-post-thumbnail","hentry","product_cat-ateliers","product_cat-masterclass","product_cat-coaching"],"_links":{"self":[{"href":"https:\/\/www.melleseraphine.net\/index.php\/wp-json\/wp\/v2\/product\/142","targetHints":{"allow":["GET"]}}],"collection":[{"href":"https:\/\/www.melleseraphine.net\/index.php\/wp-json\/wp\/v2\/product"}],"about":[{"href":"https:\/\/www.melleseraphine.net\/index.php\/wp-json\/wp\/v2\/types\/product"}],"replies":[{"embeddable":true,"href":"https:\/\/www.melleseraphine.net\/index.php\/wp-json\/wp\/v2\/comments?post=142"}],"wp:featuredmedia":[{"embeddable":true,"href":"https:\/\/www.melleseraphine.net\/index.php\/wp-json\/wp\/v2\/media\/267"}],"wp:attachment":[{"href":"https:\/\/www.melleseraphine.net\/index.php\/wp-json\/wp\/v2\/media?parent=142"}],"curies":[{"name":"wp","href":"https:\/\/api.w.org\/{rel}","templated":true}]}}