{"id":281,"date":"2023-06-27T09:09:14","date_gmt":"2023-06-27T07:09:14","guid":{"rendered":"https:\/\/www.melleseraphine.net\/?post_type=product&#038;p=281"},"modified":"2023-06-27T09:33:22","modified_gmt":"2023-06-27T07:33:22","slug":"cahier-de-vacances-pour-pratiquer-en-ete-coaching-positif","status":"publish","type":"product","link":"https:\/\/www.melleseraphine.net\/index.php\/produit\/cahier-de-vacances-pour-pratiquer-en-ete-coaching-positif\/","title":{"rendered":"cahier de vacances, pour pratiquer en \u00e9t\u00e9 &#8211; COACHING POSITIF"},"content":{"rendered":"<p>&nbsp;<\/p>\n<p>HORS SERIE JUILLET<\/p>\n<p>40 pages d&rsquo;\u00e9panouissement personnel<\/p>\n<p><img loading=\"lazy\" decoding=\"async\" class=\"alignnone wp-image-282 size-full\" style=\"font-size: 1rem;\" src=\"https:\/\/www.melleseraphine.net\/wp-content\/uploads\/2023\/06\/juillet.jpg\" alt=\"\" width=\"384\" height=\"543\" srcset=\"https:\/\/www.melleseraphine.net\/wp-content\/uploads\/2023\/06\/juillet.jpg 384w, https:\/\/www.melleseraphine.net\/wp-content\/uploads\/2023\/06\/juillet-212x300.jpg 212w, https:\/\/www.melleseraphine.net\/wp-content\/uploads\/2023\/06\/juillet-350x495.jpg 350w\" sizes=\"auto, (max-width: 384px) 100vw, 384px\" \/>\u00a0 \u00a0 <img loading=\"lazy\" decoding=\"async\" class=\"alignnone wp-image-291 size-full\" src=\"https:\/\/www.melleseraphine.net\/wp-content\/uploads\/2023\/06\/edito-et-sommaire.jpg\" alt=\"\" width=\"591\" height=\"423\" srcset=\"https:\/\/www.melleseraphine.net\/wp-content\/uploads\/2023\/06\/edito-et-sommaire.jpg 591w, https:\/\/www.melleseraphine.net\/wp-content\/uploads\/2023\/06\/edito-et-sommaire-300x215.jpg 300w, https:\/\/www.melleseraphine.net\/wp-content\/uploads\/2023\/06\/edito-et-sommaire-350x251.jpg 350w\" sizes=\"auto, (max-width: 591px) 100vw, 591px\" \/><\/p>\n<p>&nbsp;<\/p>\n<p>&#8211; exer<span style=\"font-size: 1rem;\">cices guid\u00e9s<\/span><\/p>\n<p>&#8211; atelier d<span style=\"font-size: 1rem;\">u bo<\/span><span style=\"font-size: 1rem;\">nheur<\/span><\/p>\n<p>&#8211; atelier d&rsquo;\u00e9criture cr\u00e9ative<\/p>\n<p>&#8211; initiation au tableau de vision<\/p>\n<p>&#8211; un mp3 \u00ab\u00a019min p<span style=\"font-size: 1rem;\">our l\u00e2cher-prise\u00a0\u00bb<\/span><\/p>\n<p>&#8211; des pistes \u00e0 suivre pour aller plus loin<\/p>\n<p>&#8211; bilan final &#8230;<\/p>\n","protected":false},"excerpt":{"rendered":"<p>A la recherche d\u2019authenticit\u00e9.<\/p>\n<p>Pour partager ce que je vis. Pour vous permettre de vous d\u00e9couvrir.<\/p>\n<p>Melle S\u00e9raphine a vu le jour en 2012 et est en perp\u00e9tuelle \u00e9volution, tout comme je le suis. L\u2019ouverture de mon cabinet m\u2019a permis d\u2019aller \u00e0 la rencontre de l\u2019autre et de me former sans cesse, pour aider mieux, autrement, encore plus en profondeur. De la r\u00e9flexologie \u00e0 la sophrologie, en passant par les rem\u00e8des, les \u00e9lixirs, les recettes de tisanes, j\u2019en suis arriv\u00e9e au Reiki et \u00e0 ses enseignements, au chamanisme et \u00e0 ses particularit\u00e9s qui font de chacun d\u2019entre nous, un magicien de sa vie. Je me suis sentie pouss\u00e9e par l\u2019envie de cr\u00e9er de plus en plus de supports de d\u00e9veloppement personnel et d\u2019exprimer ma propre voix en exposant mes illustrations.<\/p>\n<p>Titulaire du cours \u2018initiation \u00e0 la sophrologie\u2019 pour le centre de formation \u00e0 distance, j&rsquo;anime \u00e9galement le cours de coaching positif et de techniques d&rsquo;animation.<\/p>\n<p>Bon amusement<\/p>\n<p>Lise<\/p>\n<p>Contenu soumis aux mentions l\u00e9gales. www.melleseraphine.net Article soumis aux mentions l\u00e9gales de la propri\u00e9t\u00e9 intellectuelle Interdiction de reproduire les images ou les textes Melle S\u00e9raphine\u00ae<\/p>\n<p>&nbsp;<\/p>\n<p>40 PAGES EN COULEUR &#8211; FORMAT A4<\/p>\n<p>&nbsp;<\/p>\n<p><img loading=\"lazy\" decoding=\"async\" class=\"alignnone wp-image-292 size-full\" src=\"https:\/\/www.melleseraphine.net\/wp-content\/uploads\/2023\/06\/programme-aout.jpg\" alt=\"\" width=\"292\" height=\"417\" srcset=\"https:\/\/www.melleseraphine.net\/wp-content\/uploads\/2023\/06\/programme-aout.jpg 292w, https:\/\/www.melleseraphine.net\/wp-content\/uploads\/2023\/06\/programme-aout-210x300.jpg 210w\" sizes=\"auto, (max-width: 292px) 100vw, 292px\" \/><\/p>\n","protected":false},"featured_media":282,"comment_status":"open","ping_status":"closed","template":"","meta":[],"class_list":["post-281","product","type-product","status-publish","has-post-thumbnail","hentry","product_cat-coaching","product_cat-livres","product_tag-atelier","product_tag-coaching-positifd","product_tag-developpement-personnel","product_tag-ecriture","product_tag-epanouissement","product_tag-ete","product_tag-melleseraphine","product_tag-pratique","product_tag-relaxation-dynamique","product_tag-ressourcement","product_tag-sophrologie","product_tag-visualisations"],"_links":{"self":[{"href":"https:\/\/www.melleseraphine.net\/index.php\/wp-json\/wp\/v2\/product\/281","targetHints":{"allow":["GET"]}}],"collection":[{"href":"https:\/\/www.melleseraphine.net\/index.php\/wp-json\/wp\/v2\/product"}],"about":[{"href":"https:\/\/www.melleseraphine.net\/index.php\/wp-json\/wp\/v2\/types\/product"}],"replies":[{"embeddable":true,"href":"https:\/\/www.melleseraphine.net\/index.php\/wp-json\/wp\/v2\/comments?post=281"}],"wp:featuredmedia":[{"embeddable":true,"href":"https:\/\/www.melleseraphine.net\/index.php\/wp-json\/wp\/v2\/media\/282"}],"wp:attachment":[{"href":"https:\/\/www.melleseraphine.net\/index.php\/wp-json\/wp\/v2\/media?parent=281"}],"curies":[{"name":"wp","href":"https:\/\/api.w.org\/{rel}","templated":true}]}}