{"id":558,"date":"2025-05-20T18:35:15","date_gmt":"2025-05-20T16:35:15","guid":{"rendered":"https:\/\/www.melleseraphine.net\/?post_type=product&#038;p=558"},"modified":"2025-06-30T01:00:19","modified_gmt":"2025-06-29T23:00:19","slug":"nouveaute-ludocreativite-energies-livre","status":"publish","type":"product","link":"https:\/\/www.melleseraphine.net\/index.php\/produit\/nouveaute-ludocreativite-energies-livre\/","title":{"rendered":"Nouveaut\u00e9 &#8211;  Ludocr\u00e9ativit\u00e9 &#038; \u00e9nergies &#8211; livre"},"content":{"rendered":"<p>Et si votre \u00e9nergie devenait votre plus belle source d&rsquo;inspiration ?<br \/>\nCe manuel de Ludocr\u00e9ativit\u00e9 \u00c9nerg\u00e9tique vous invite \u00e0 explorer la puissance du jeu, de l&rsquo;intuition et des vibrations subtiles pour cr\u00e9er en conscience, avec tout votre \u00eatre.<\/p>\n<p>\u00c0 travers des rituels doux, des m\u00e9ditations guid\u00e9es, des exercices vibratoires et des pratiques artistiques intuitives, vous (re)d\u00e9couvrez :<br \/>\nComment ancrer votre cr\u00e9ativit\u00e9 dans votre corps, votre souffle et vos \u00e9motions,<br \/>\nComment canaliser les \u00e9nergies vitales, mentales, \u00e9motionnelles et spirituelles,<br \/>\nEt comment faire de chaque cr\u00e9ation un acte de reliance, de transformation, de lumi\u00e8re.<\/p>\n<p>Ce livre est bien plus qu&rsquo;un guide :<br \/>\nc&rsquo;est une exp\u00e9rience vivante, un espace sacr\u00e9 o\u00f9 l&rsquo;art devient un langage de l&rsquo;\u00e2me.<br \/>\nPour les artistes sensibles, les \u00e2mes intuitives, les th\u00e9rapeutes cr\u00e9atifs et tous ceux qui veulent remettre du sens, du souffle et du sacr\u00e9 dans leur expression.<\/p>\n","protected":false},"excerpt":{"rendered":"<p class=\"binding\">Couverture souple &#8211; A5<\/p>\n<p class=\"number-of-pages\">172 pages<\/p>\n<p class=\"isbn\">ISBN : 9782930993126<\/p>\n<p class=\"publisher\">\u00c9diteur : Eveil &amp; vous Editions-Auteure Mademoiselle S\u00e9raphine <img loading=\"lazy\" decoding=\"async\" class=\" wp-image-502 aligncenter\" src=\"https:\/\/www.melleseraphine.net\/wp-content\/uploads\/2025\/05\/COVER-LUDOTHERAPIE-TOME-6-211x300.png\" alt=\"\" width=\"280\" height=\"398\" srcset=\"https:\/\/www.melleseraphine.net\/wp-content\/uploads\/2025\/05\/COVER-LUDOTHERAPIE-TOME-6-211x300.png 211w, https:\/\/www.melleseraphine.net\/wp-content\/uploads\/2025\/05\/COVER-LUDOTHERAPIE-TOME-6-721x1024.png 721w, https:\/\/www.melleseraphine.net\/wp-content\/uploads\/2025\/05\/COVER-LUDOTHERAPIE-TOME-6-768x1090.png 768w, https:\/\/www.melleseraphine.net\/wp-content\/uploads\/2025\/05\/COVER-LUDOTHERAPIE-TOME-6-1082x1536.png 1082w, https:\/\/www.melleseraphine.net\/wp-content\/uploads\/2025\/05\/COVER-LUDOTHERAPIE-TOME-6-350x497.png 350w, https:\/\/www.melleseraphine.net\/wp-content\/uploads\/2025\/05\/COVER-LUDOTHERAPIE-TOME-6.png 1409w\" sizes=\"auto, (max-width: 280px) 100vw, 280px\" \/><\/p>\n<p>&nbsp;<\/p>\n<p>Artisane de sens &amp; de magie du quotidien<\/p>\n<p>Mademoiselle S\u00e9raphine est le nom de plume de Lise Larbalestrier, cr\u00e9atrice sensible et engag\u00e9e dans l&rsquo;art de relier les mondes : celui de l&rsquo;imaginaire et de la transmission, du soin et de la cr\u00e9ativit\u00e9, de l&rsquo;enfance et du sacr\u00e9.<br \/>\nElle tisse des ponts entre ludoth\u00e9rapie, p\u00e9dagogies alternatives, spiritualit\u00e9 douce et po\u00e9sie de l&rsquo;instant. Chaque cr\u00e9ation, chaque rituel, chaque support qu&rsquo;elle propose est pens\u00e9 comme une invitation \u00e0 revenir \u00e0 soi, \u00e0 retrouver sa puissance int\u00e9rieure et \u00e0 s&rsquo;\u00e9merveiller du vivant.<\/p>\n<p>Auteure, praticienne Reiki, facilitatrice de cercles et de voyages int\u00e9rieurs,<br \/>\nFondatrice de \u00c9vArt&rsquo;Cademie,<br \/>\nElle con\u00e7oit des carnets, cartes, rituels, kits et outils d&rsquo;accompagnement po\u00e9tiques et transformatifs, pour petits et grands aventurier\u00b7es de la vie.<\/p>\n","protected":false},"featured_media":502,"comment_status":"open","ping_status":"closed","template":"","meta":[],"class_list":["post-558","product","type-product","status-publish","has-post-thumbnail","hentry","product_cat-energies","product_cat-livres","product_tag-developpement-personnel","product_tag-elevation","product_tag-energie","product_tag-epanouissement","product_tag-eveil","product_tag-guidance","product_tag-intuition","product_tag-ludocreativite-creativite-intuitive-art-energetique-creation-vibratoire-peinture-intuitive-exploration-creative-expression-de-soi-jeux-creatifs-art-therapie-intuitive-rituels-creatifs","product_tag-melleseraphine","product_tag-pratique"],"_links":{"self":[{"href":"https:\/\/www.melleseraphine.net\/index.php\/wp-json\/wp\/v2\/product\/558","targetHints":{"allow":["GET"]}}],"collection":[{"href":"https:\/\/www.melleseraphine.net\/index.php\/wp-json\/wp\/v2\/product"}],"about":[{"href":"https:\/\/www.melleseraphine.net\/index.php\/wp-json\/wp\/v2\/types\/product"}],"replies":[{"embeddable":true,"href":"https:\/\/www.melleseraphine.net\/index.php\/wp-json\/wp\/v2\/comments?post=558"}],"wp:featuredmedia":[{"embeddable":true,"href":"https:\/\/www.melleseraphine.net\/index.php\/wp-json\/wp\/v2\/media\/502"}],"wp:attachment":[{"href":"https:\/\/www.melleseraphine.net\/index.php\/wp-json\/wp\/v2\/media?parent=558"}],"curies":[{"name":"wp","href":"https:\/\/api.w.org\/{rel}","templated":true}]}}